{"id":177,"date":"2023-05-12T07:43:02","date_gmt":"2023-05-12T07:43:02","guid":{"rendered":"https:\/\/demo2wpopal.b-cdn.net\/teapoz\/?page_id=177"},"modified":"2024-01-28T22:05:50","modified_gmt":"2024-01-28T19:05:50","slug":"about","status":"publish","type":"page","link":"https:\/\/www.mettoils.com\/?page_id=177","title":{"rendered":"Hakk\u0131m\u0131zda"},"content":{"rendered":"\t\t<div data-elementor-type=\"wp-page\" data-elementor-id=\"177\" class=\"elementor elementor-177\">\n\t\t\t\t<div class=\"elementor-element elementor-element-de48112 e-con-full e-flex e-con e-parent\" data-id=\"de48112\" data-element_type=\"container\" data-e-type=\"container\">\n\t\t<div class=\"elementor-element elementor-element-fe8d7d3 e-con-full e-flex e-con e-child\" data-id=\"fe8d7d3\" data-element_type=\"container\" data-e-type=\"container\" data-settings=\"{&quot;background_background&quot;:&quot;classic&quot;}\">\n\t\t\t\t<div class=\"elementor-element elementor-element-80d97b5 elementor-widget elementor-widget-spacer\" data-id=\"80d97b5\" data-element_type=\"widget\" data-e-type=\"widget\" data-widget_type=\"spacer.default\">\n\t\t\t\t<div class=\"elementor-widget-container\">\n\t\t\t\t\t\t\t<div class=\"elementor-spacer\">\n\t\t\t<div class=\"elementor-spacer-inner\"><\/div>\n\t\t<\/div>\n\t\t\t\t\t\t<\/div>\n\t\t\t\t<\/div>\n\t\t\t\t<\/div>\n\t\t<div class=\"elementor-element elementor-element-dbf18bf e-con-full e-flex e-con e-child\" data-id=\"dbf18bf\" data-element_type=\"container\" data-e-type=\"container\">\n\t\t<div class=\"elementor-element elementor-element-d85c807 e-flex e-con-boxed e-con e-child\" data-id=\"d85c807\" data-element_type=\"container\" data-e-type=\"container\">\n\t\t\t\t\t<div class=\"e-con-inner\">\n\t\t\t\t<div class=\"elementor-element elementor-element-f690100 elementor-absolute elementor-hidden-tablet elementor-hidden-mobile elementor-hidden-tablet_extra elementor-hidden-mobile_extra elementor-invisible elementor-widget elementor-widget-image\" data-id=\"f690100\" data-element_type=\"widget\" data-e-type=\"widget\" data-settings=\"{&quot;_position&quot;:&quot;absolute&quot;,&quot;_animation&quot;:&quot;rotateInDownRight&quot;}\" data-widget_type=\"image.default\">\n\t\t\t\t<div class=\"elementor-widget-container\">\n\t\t\t\t\t\t\t\t\t\t\t\t\t\t\t<img fetchpriority=\"high\" decoding=\"async\" width=\"340\" height=\"357\" src=\"https:\/\/www.mettoils.com\/wp-content\/uploads\/2023\/05\/about-decor-1.png\" class=\"attachment-full size-full wp-image-1611\" alt=\"\" srcset=\"https:\/\/www.mettoils.com\/wp-content\/uploads\/2023\/05\/about-decor-1.png 340w, https:\/\/www.mettoils.com\/wp-content\/uploads\/2023\/05\/about-decor-1-286x300.png 286w\" sizes=\"(max-width: 340px) 100vw, 340px\" \/>\t\t\t\t\t\t\t\t\t\t\t\t\t\t\t<\/div>\n\t\t\t\t<\/div>\n\t\t\t\t<div class=\"elementor-element elementor-element-cb63c72 elementor-widget elementor-widget-text-editor\" data-id=\"cb63c72\" data-element_type=\"widget\" data-e-type=\"widget\" data-widget_type=\"text-editor.default\">\n\t\t\t\t<div class=\"elementor-widget-container\">\n\t\t\t\t\t\t\t\t\t<div>hakk\u0131m\u0131zda<\/div>\t\t\t\t\t\t\t\t<\/div>\n\t\t\t\t<\/div>\n\t\t\t\t<div class=\"elementor-element elementor-element-0dbafc1 elementor-widget elementor-widget-heading\" data-id=\"0dbafc1\" data-element_type=\"widget\" data-e-type=\"widget\" data-widget_type=\"heading.default\">\n\t\t\t\t<div class=\"elementor-widget-container\">\n\t\t\t\t\t<h2 class=\"elementor-heading-title elementor-size-default\">Hakk\u0131m\u0131zda<\/h2>\t\t\t\t<\/div>\n\t\t\t\t<\/div>\n\t\t\t\t<div class=\"elementor-element elementor-element-adb4534 elementor-widget elementor-widget-text-editor\" data-id=\"adb4534\" data-element_type=\"widget\" data-e-type=\"widget\" data-widget_type=\"text-editor.default\">\n\t\t\t\t<div class=\"elementor-widget-container\">\n\t\t\t\t\t\t\t\t\t<div><div>Ho\u015f geldiniz!&nbsp;<\/div><div>Mettoils, do\u011fadan gelen benzersiz kokular\u0131n ve \u015fifal\u0131 bitkilerin g\u00fcc\u00fcn\u00fc ke\u015ffetmeye adanm\u0131\u015f bir platformdur. Misyonumuz, kullan\u0131c\u0131lar\u0131m\u0131za kaliteli ve saf aromatik ya\u011flar sunarak sa\u011fl\u0131kl\u0131 ya\u015fam tarzlar\u0131na katk\u0131da bulunmalar\u0131na yard\u0131mc\u0131 olmakt\u0131r.<\/div><div>Biz, Mettoils olarak, aromatik ya\u011f d\u00fcnyas\u0131ndaki uzmanl\u0131\u011f\u0131m\u0131z\u0131 ve tutkumuzu bir araya getirerek, m\u00fc\u015fterilerimize en kaliteli \u00fcr\u00fcnleri sunmay\u0131 ama\u00e7l\u0131yoruz. \u00dcr\u00fcnlerimiz, \u00f6zenle se\u00e7ilmi\u015f \u015fifal\u0131 bitkilerden elde edilen saf ve do\u011fal aromatik ya\u011flar\u0131 i\u00e7erir.<\/div><div>Kalitemizden \u00f6d\u00fcn vermeden, s\u00fcrd\u00fcr\u00fclebilir kaynaklardan elde edilen hammaddelerle \u00fcretim yap\u0131yoruz. Ayr\u0131ca, \u00fcr\u00fcnlerimizde kimyasal katk\u0131 maddeleri veya yapay bile\u015fenlere asla yer vermiyoruz. Bu sayede, m\u00fc\u015fterilerimize en saf ve etkili aromatik ya\u011flar\u0131 sunabiliyoruz.<\/div><div>M\u00fc\u015fteri memnuniyetini en \u00fcst d\u00fczeyde tutmay\u0131 ama\u00e7l\u0131yoruz. Uzman ekibimiz, sizlere do\u011fru bilgi ve kullan\u0131m \u00f6nerileri sunarak aromatik ya\u011flar\u0131 hayat\u0131n\u0131za entegre etmenize yard\u0131mc\u0131 olacakt\u0131r. Ayr\u0131ca, her zaman size destek olacak bir m\u00fc\u015fteri hizmetleri ekibimiz bulunmaktad\u0131r.<\/div><div>Mettoils olarak, sa\u011fl\u0131kl\u0131 ve dengeli bir ya\u015fam tarz\u0131na ge\u00e7i\u015finizi desteklemek i\u00e7in buraday\u0131z. Bizi tercih etti\u011finiz i\u00e7in te\u015fekk\u00fcr eder, do\u011fan\u0131n sundu\u011fu bu muhte\u015fem deneyimi bizimle ya\u015famaya davet ederiz.<\/div><div>Sa\u011fl\u0131kl\u0131 g\u00fcnler dileriz!<\/div><\/div>\t\t\t\t\t\t\t\t<\/div>\n\t\t\t\t<\/div>\n\t\t\t\t<div class=\"elementor-element elementor-element-c80b661 elementor-button-outline elementor-mobile-align-center elementor-widget elementor-widget-button\" data-id=\"c80b661\" data-element_type=\"widget\" data-e-type=\"widget\" data-widget_type=\"button.default\">\n\t\t\t\t<div class=\"elementor-widget-container\">\n\t\t\t\t\t\t\t\t\t<div class=\"elementor-button-wrapper\">\n\t\t\t\t\t<a class=\"elementor-button elementor-button-link elementor-size-sm\" href=\"https:\/\/www.mettoils.com\/?product_cat=tum-urunler\">\n\t\t\t\t\t\t<span class=\"elementor-button-content-wrapper\">\n\t\t\t\t\t\t<span class=\"elementor-button-icon\">\n\t\t\t\t<i aria-hidden=\"true\" class=\"fas fa-chevron-right\"><\/i>\t\t\t<\/span>\n\t\t\t\t\t\t\t\t\t<span class=\"elementor-button-text\">T\u00fcm \u00dcr\u00fcnleri \u0130nceleyin!<\/span>\n\t\t\t\t\t<\/span>\n\t\t\t\t\t<\/a>\n\t\t\t\t<\/div>\n\t\t\t\t\t\t\t\t<\/div>\n\t\t\t\t<\/div>\n\t\t\t\t<div class=\"elementor-element elementor-element-1c2fc4a elementor-absolute elementor-hidden-tablet elementor-hidden-mobile elementor-hidden-tablet_extra elementor-hidden-mobile_extra elementor-invisible elementor-widget elementor-widget-image\" data-id=\"1c2fc4a\" data-element_type=\"widget\" data-e-type=\"widget\" data-settings=\"{&quot;_position&quot;:&quot;absolute&quot;,&quot;_animation&quot;:&quot;rollIn&quot;}\" data-widget_type=\"image.default\">\n\t\t\t\t<div class=\"elementor-widget-container\">\n\t\t\t\t\t\t\t\t\t\t\t\t\t\t\t<img decoding=\"async\" width=\"188\" height=\"128\" src=\"https:\/\/www.mettoils.com\/wp-content\/uploads\/2023\/05\/about-decor-2.png\" class=\"attachment-full size-full wp-image-1612\" alt=\"\" \/>\t\t\t\t\t\t\t\t\t\t\t\t\t\t\t<\/div>\n\t\t\t\t<\/div>\n\t\t\t\t\t<\/div>\n\t\t\t\t<\/div>\n\t\t\t\t<\/div>\n\t\t\t\t<\/div>\n\t\t\t\t<\/div>\n\t\t","protected":false},"excerpt":{"rendered":"<p>hakk\u0131m\u0131zda Hakk\u0131m\u0131zda Ho\u015f geldiniz!&nbsp;Mettoils, do\u011fadan gelen benzersiz kokular\u0131n ve \u015fifal\u0131 bitkilerin g\u00fcc\u00fcn\u00fc ke\u015ffetmeye adanm\u0131\u015f bir platformdur. Misyonumuz, kullan\u0131c\u0131lar\u0131m\u0131za kaliteli ve saf aromatik ya\u011flar sunarak sa\u011fl\u0131kl\u0131 ya\u015fam tarzlar\u0131na katk\u0131da bulunmalar\u0131na yard\u0131mc\u0131 olmakt\u0131r.Biz, Mettoils olarak, aromatik ya\u011f d\u00fcnyas\u0131ndaki uzmanl\u0131\u011f\u0131m\u0131z\u0131 ve tutkumuzu bir araya getirerek, m\u00fc\u015fterilerimize en kaliteli \u00fcr\u00fcnleri sunmay\u0131 ama\u00e7l\u0131yoruz. \u00dcr\u00fcnlerimiz, \u00f6zenle se\u00e7ilmi\u015f \u015fifal\u0131 bitkilerden elde edilen [&hellip;]<\/p>\n","protected":false},"author":1,"featured_media":0,"parent":0,"menu_order":0,"comment_status":"closed","ping_status":"closed","template":"template-homepage.php","meta":{"footnotes":""},"class_list":["post-177","page","type-page","status-publish","hentry"],"_links":{"self":[{"href":"https:\/\/www.mettoils.com\/index.php?rest_route=\/wp\/v2\/pages\/177","targetHints":{"allow":["GET"]}}],"collection":[{"href":"https:\/\/www.mettoils.com\/index.php?rest_route=\/wp\/v2\/pages"}],"about":[{"href":"https:\/\/www.mettoils.com\/index.php?rest_route=\/wp\/v2\/types\/page"}],"author":[{"embeddable":true,"href":"https:\/\/www.mettoils.com\/index.php?rest_route=\/wp\/v2\/users\/1"}],"replies":[{"embeddable":true,"href":"https:\/\/www.mettoils.com\/index.php?rest_route=%2Fwp%2Fv2%2Fcomments&post=177"}],"version-history":[{"count":11,"href":"https:\/\/www.mettoils.com\/index.php?rest_route=\/wp\/v2\/pages\/177\/revisions"}],"predecessor-version":[{"id":6936,"href":"https:\/\/www.mettoils.com\/index.php?rest_route=\/wp\/v2\/pages\/177\/revisions\/6936"}],"wp:attachment":[{"href":"https:\/\/www.mettoils.com\/index.php?rest_route=%2Fwp%2Fv2%2Fmedia&parent=177"}],"curies":[{"name":"wp","href":"https:\/\/api.w.org\/{rel}","templated":true}]}}