{"id":180,"date":"2023-05-12T07:43:28","date_gmt":"2023-05-12T07:43:28","guid":{"rendered":"https:\/\/demo2wpopal.b-cdn.net\/teapoz\/?page_id=180"},"modified":"2024-11-01T18:21:00","modified_gmt":"2024-11-01T15:21:00","slug":"contact","status":"publish","type":"page","link":"https:\/\/www.mettoils.com\/?page_id=180","title":{"rendered":"\u0130leti\u015fim"},"content":{"rendered":"\t\t<div data-elementor-type=\"wp-page\" data-elementor-id=\"180\" class=\"elementor elementor-180\">\n\t\t\t\t<div class=\"elementor-element elementor-element-26c1c4d e-flex e-con-boxed e-con e-parent\" data-id=\"26c1c4d\" data-element_type=\"container\" data-e-type=\"container\" data-settings=\"{&quot;background_background&quot;:&quot;classic&quot;}\">\n\t\t\t\t\t<div class=\"e-con-inner\">\n\t\t\t\t<div class=\"elementor-element elementor-element-effd85e elementor-widget elementor-widget-heading\" data-id=\"effd85e\" data-element_type=\"widget\" data-e-type=\"widget\" data-widget_type=\"heading.default\">\n\t\t\t\t<div class=\"elementor-widget-container\">\n\t\t\t\t\t<h2 class=\"elementor-heading-title elementor-size-default\">Bizimle \u0130leti\u015fime Ge\u00e7<\/h2>\t\t\t\t<\/div>\n\t\t\t\t<\/div>\n\t\t<div class=\"elementor-element elementor-element-161f903 e-con-full e-flex e-con e-child\" data-id=\"161f903\" data-element_type=\"container\" data-e-type=\"container\" data-settings=\"{&quot;background_background&quot;:&quot;classic&quot;}\">\n\t\t<div class=\"elementor-element elementor-element-c6fdf45 e-con-full e-flex e-con e-child\" data-id=\"c6fdf45\" data-element_type=\"container\" data-e-type=\"container\" data-settings=\"{&quot;background_background&quot;:&quot;classic&quot;}\">\n\t\t\t\t<div class=\"elementor-element elementor-element-2ddc39a elementor-widget elementor-widget-heading\" data-id=\"2ddc39a\" data-element_type=\"widget\" data-e-type=\"widget\" data-widget_type=\"heading.default\">\n\t\t\t\t<div class=\"elementor-widget-container\">\n\t\t\t\t\t<h5 class=\"elementor-heading-title elementor-size-default\">\u0130leti\u015fim<\/h5>\t\t\t\t<\/div>\n\t\t\t\t<\/div>\n\t\t\t\t<div class=\"elementor-element elementor-element-0ca322e elementor-absolute elementor-view-default elementor-widget elementor-widget-icon\" data-id=\"0ca322e\" data-element_type=\"widget\" data-e-type=\"widget\" data-settings=\"{&quot;_position&quot;:&quot;absolute&quot;}\" data-widget_type=\"icon.default\">\n\t\t\t\t<div class=\"elementor-widget-container\">\n\t\t\t\t\t\t\t<div class=\"elementor-icon-wrapper\">\n\t\t\t<div class=\"elementor-icon\">\n\t\t\t<svg xmlns=\"http:\/\/www.w3.org\/2000\/svg\" width=\"107\" height=\"86\" viewBox=\"0 0 107 86\" fill=\"none\"><path d=\"M90.6667 8C95.0933 8 98.6667 11.5733 98.6667 16V69.3333C98.6667 73.76 95.0933 77.3333 90.6667 77.3333H16C11.5733 77.3333 8 73.76 8 69.3333V16C8 11.5733 11.5733 8 16 8H90.6667ZM90.6667 0H16C7.14667 0 0 7.14667 0 16V69.3333C0 78.1867 7.14667 85.3333 16 85.3333H90.6667C99.52 85.3333 106.667 78.1867 106.667 69.3333V16C106.667 7.14667 99.52 0 90.6667 0Z\" fill=\"#194A33\"><\/path><path d=\"M53.3333 48.8C49.4933 48.8 45.6 47.68 42.24 45.44L19.0933 30.0267C17.28 28.8 16.7467 26.2933 17.9733 24.48C19.2 22.6667 21.7067 22.1333 23.52 23.36L46.6667 38.7733C50.72 41.4933 55.9467 41.4933 60 38.7733L83.1467 23.36C84.96 22.1333 87.4667 22.6133 88.6933 24.48C89.92 26.3467 89.44 28.8 87.5733 30.0267L64.4267 45.44C61.0667 47.68 57.1733 48.8 53.3333 48.8Z\" fill=\"#8CBC4F\"><\/path><\/svg>\t\t\t<\/div>\n\t\t<\/div>\n\t\t\t\t\t\t<\/div>\n\t\t\t\t<\/div>\n\t\t\t\t<div class=\"elementor-element elementor-element-43d02c1 elementor-widget elementor-widget-text-editor\" data-id=\"43d02c1\" data-element_type=\"widget\" data-e-type=\"widget\" data-widget_type=\"text-editor.default\">\n\t\t\t\t<div class=\"elementor-widget-container\">\n\t\t\t\t\t\t\t\t\t<p>E-posta:<\/p><p>contact@mettoils.com<\/p>\t\t\t\t\t\t\t\t<\/div>\n\t\t\t\t<\/div>\n\t\t\t\t<\/div>\n\t\t\t\t<\/div>\n\t\t\t\t\t<\/div>\n\t\t\t\t<\/div>\n\t\t<div class=\"elementor-element elementor-element-f4b2d51 e-flex e-con-boxed e-con e-parent\" data-id=\"f4b2d51\" data-element_type=\"container\" data-e-type=\"container\">\n\t\t\t\t\t<div class=\"e-con-inner\">\n\t\t\t\t<div class=\"elementor-element elementor-element-f6b340d elementor-widget elementor-widget-heading\" data-id=\"f6b340d\" data-element_type=\"widget\" data-e-type=\"widget\" data-widget_type=\"heading.default\">\n\t\t\t\t<div class=\"elementor-widget-container\">\n\t\t\t\t\t<h2 class=\"elementor-heading-title elementor-size-default\">Mesaj Yaz\u0131n<\/h2>\t\t\t\t<\/div>\n\t\t\t\t<\/div>\n\t\t\t\t<div class=\"elementor-element elementor-element-570895f elementor-widget elementor-widget-text-editor\" data-id=\"570895f\" data-element_type=\"widget\" data-e-type=\"widget\" data-widget_type=\"text-editor.default\">\n\t\t\t\t<div class=\"elementor-widget-container\">\n\t\t\t\t\t\t\t\t\t<p>Ya\u015fad\u0131\u011f\u0131n\u0131z herhangi bir sorun i\u00e7in ya da bilgi almak istedi\u011finiz bir konuda mesaj yazabilirsiniz.<\/p>\t\t\t\t\t\t\t\t<\/div>\n\t\t\t\t<\/div>\n\t\t\t\t\t<\/div>\n\t\t\t\t<\/div>\n\t\t\t\t<\/div>\n\t\t","protected":false},"excerpt":{"rendered":"<p>Bizimle \u0130leti\u015fime Ge\u00e7 \u0130leti\u015fim E-posta: contact@mettoils.com Mesaj Yaz\u0131n Ya\u015fad\u0131\u011f\u0131n\u0131z herhangi bir sorun i\u00e7in ya da bilgi almak istedi\u011finiz bir konuda mesaj yazabilirsiniz.<\/p>\n","protected":false},"author":1,"featured_media":0,"parent":0,"menu_order":0,"comment_status":"closed","ping_status":"closed","template":"template-homepage.php","meta":{"footnotes":""},"class_list":["post-180","page","type-page","status-publish","hentry"],"_links":{"self":[{"href":"https:\/\/www.mettoils.com\/index.php?rest_route=\/wp\/v2\/pages\/180","targetHints":{"allow":["GET"]}}],"collection":[{"href":"https:\/\/www.mettoils.com\/index.php?rest_route=\/wp\/v2\/pages"}],"about":[{"href":"https:\/\/www.mettoils.com\/index.php?rest_route=\/wp\/v2\/types\/page"}],"author":[{"embeddable":true,"href":"https:\/\/www.mettoils.com\/index.php?rest_route=\/wp\/v2\/users\/1"}],"replies":[{"embeddable":true,"href":"https:\/\/www.mettoils.com\/index.php?rest_route=%2Fwp%2Fv2%2Fcomments&post=180"}],"version-history":[{"count":10,"href":"https:\/\/www.mettoils.com\/index.php?rest_route=\/wp\/v2\/pages\/180\/revisions"}],"predecessor-version":[{"id":7084,"href":"https:\/\/www.mettoils.com\/index.php?rest_route=\/wp\/v2\/pages\/180\/revisions\/7084"}],"wp:attachment":[{"href":"https:\/\/www.mettoils.com\/index.php?rest_route=%2Fwp%2Fv2%2Fmedia&parent=180"}],"curies":[{"name":"wp","href":"https:\/\/api.w.org\/{rel}","templated":true}]}}