{"id":6328,"date":"2023-11-19T15:24:23","date_gmt":"2023-11-19T15:24:23","guid":{"rendered":"https:\/\/www.mettoils.com\/?post_type=product&#038;p=6328"},"modified":"2024-11-18T22:32:19","modified_gmt":"2024-11-18T19:32:19","slug":"lavanta-ucucu-yagi-0-dogal-0-saf","status":"publish","type":"product","link":"https:\/\/www.mettoils.com\/?product=lavanta-ucucu-yagi-0-dogal-0-saf","title":{"rendered":"Lavanta U\u00e7ucu Ya\u011f\u0131 &#038; Do\u011fal ve Saf"},"content":{"rendered":"<p class=\"cvGsUA direction-ltr align-center para-style-body\"><span class=\"OYPEnA text-decoration-none text-strikethrough-none\">U\u00e7ucu Lavanta Ya\u011f\u0131: Eski Bir Gelenek, <\/span><span class=\"OYPEnA text-decoration-none text-strikethrough-none\">Modern Bir Mucize<\/span><\/p>\n<p class=\"cvGsUA direction-ltr align-center para-style-body\"><span class=\"OYPEnA text-decoration-none text-strikethrough-none\">U\u00e7ucu lavanta ya\u011f\u0131, y\u00fczy\u0131llard\u0131r do\u011fal \u015fifa ve g\u00fczellik i\u00e7in kullan\u0131lan bir mucizedir. Bu \u00f6zel ya\u011f\u0131n k\u00f6keni, antik medeniyetlere kadar uzan\u0131r ve lavanta bitkisinin tarih\u00e7esiyle ba\u015flar.<\/span><\/p>\n<p class=\"cvGsUA direction-ltr align-center para-style-body\"><span class=\"OYPEnA text-decoration-none text-strikethrough-none\">Lavanta bitkisi, eski M\u0131s\u0131r ve Roma d\u00f6nemlerinden beri kullan\u0131lmaktad\u0131r. Orta \u00c7a\u011f Avrupa&#8217;s\u0131nda, lavanta, k\u00f6ylerin \u00e7ama\u015f\u0131rlar\u0131n\u0131 temizlemek ve tazelemek i\u00e7in kullan\u0131l\u0131rd\u0131. Antik d\u00f6nemlerde bu bitkinin aromas\u0131 ve iyile\u015ftirici \u00f6zellikleri <\/span><span class=\"OYPEnA text-decoration-none text-strikethrough-none\">ke\u015ffedildi. \u00d6zellikle lavanta, Frans\u0131z Provence b\u00f6lgesinde <\/span><span class=\"OYPEnA text-decoration-none text-strikethrough-none\">yeti\u015ftirilen bir bitki olarak \u00fcn kazand\u0131. Bu gelenek, <\/span><span class=\"OYPEnA text-decoration-none text-strikethrough-none\">g\u00fcn\u00fcm\u00fczde de devam etmektedir.<\/span><\/p>\n<p><strong>Ne \u0130\u015fe Yarar ve Nas\u0131l Kullan\u0131l\u0131r:<\/strong><br \/>\nU\u00e7ucu lavanta ya\u011f\u0131n\u0131n bir\u00e7ok yarar\u0131 bulunmaktad\u0131r.<br \/>\nEn belirgin kullan\u0131m alanlar\u0131 \u015funlard\u0131r:<\/p>\n<p><strong>Stres Azaltma:<\/strong> Lavanta ya\u011f\u0131, rahatlat\u0131c\u0131 bir etkiye sahiptir ve stresi azaltmaya yard\u0131mc\u0131 olabilir. Birka\u00e7 damla ya\u011f\u0131 dif\u00fcz\u00f6rde kullanarak veya buhar banyosu yaparak gev\u015feme sa\u011flayabilirsiniz.<\/p>\n<p><strong>Uyku D\u00fczenlemesi:<\/strong> Lavanta ya\u011f\u0131, uykusuzlu\u011fa kar\u015f\u0131 etkili bir \u00e7\u00f6z\u00fcm olabilir. Yatmadan \u00f6nce birka\u00e7 damla ya\u011f\u0131 yast\u0131\u011f\u0131n\u0131za veya bile\u011finize s\u00fcrerek daha iyi bir uyku elde edebilirsiniz.<\/p>\n<p><strong>Cilt Bak\u0131m\u0131:<\/strong> Lavanta ya\u011f\u0131, cilt sorunlar\u0131n\u0131 hafifletmek i\u00e7in kullan\u0131l\u0131r. Sivilce, yan\u0131k, kesik veya b\u00f6cek \u0131s\u0131r\u0131klar\u0131 gibi cilt problemlerine kar\u015f\u0131 do\u011frudan uygulanabilir.<\/p>\n<p><strong>Sa\u00e7 Sa\u011fl\u0131\u011f\u0131:<\/strong> Lavanta ya\u011f\u0131 sa\u00e7 derisini besler, sa\u00e7 d\u00f6k\u00fclmesini azaltabilir ve sa\u00e7lar\u0131n daha sa\u011fl\u0131kl\u0131 g\u00f6r\u00fcnmesine yard\u0131mc\u0131 olabilir. \u015eampuan\u0131n\u0131za birka\u00e7 damla ekleyerek kullanabilirsiniz.<\/p>\n","protected":false},"excerpt":{"rendered":"<p>U\u00e7ucu Lavanta Ya\u011f\u0131: Eski Bir Gelenek, Modern Bir Mucize U\u00e7ucu lavanta ya\u011f\u0131, y\u00fczy\u0131llard\u0131r do\u011fal \u015fifa ve g\u00fczellik i\u00e7in kullan\u0131lan bir mucizedir. Bu \u00f6zel ya\u011f\u0131n k\u00f6keni, antik medeniyetlere kadar uzan\u0131r ve lavanta bitkisinin tarih\u00e7esiyle ba\u015flar. Lavanta bitkisi, eski M\u0131s\u0131r ve Roma d\u00f6nemlerinden beri kullan\u0131lmaktad\u0131r. Orta \u00c7a\u011f Avrupa&#8217;s\u0131nda, lavanta, k\u00f6ylerin \u00e7ama\u015f\u0131rlar\u0131n\u0131 temizlemek ve tazelemek i\u00e7in kullan\u0131l\u0131rd\u0131. Antik [&hellip;]<\/p>\n","protected":false},"featured_media":6838,"comment_status":"open","ping_status":"closed","template":"","meta":[],"product_cat":[15,134],"product_tag":[],"class_list":{"0":"post-6328","1":"product","2":"type-product","3":"status-publish","4":"has-post-thumbnail","6":"product_cat-tum-urunler","7":"product_cat-zihinsel-ve-duygusal-denge","9":"first","10":"instock","11":"taxable","12":"shipping-taxable","13":"purchasable","14":"product-type-simple"},"_links":{"self":[{"href":"https:\/\/www.mettoils.com\/index.php?rest_route=\/wp\/v2\/product\/6328","targetHints":{"allow":["GET"]}}],"collection":[{"href":"https:\/\/www.mettoils.com\/index.php?rest_route=\/wp\/v2\/product"}],"about":[{"href":"https:\/\/www.mettoils.com\/index.php?rest_route=\/wp\/v2\/types\/product"}],"replies":[{"embeddable":true,"href":"https:\/\/www.mettoils.com\/index.php?rest_route=%2Fwp%2Fv2%2Fcomments&post=6328"}],"version-history":[{"count":2,"href":"https:\/\/www.mettoils.com\/index.php?rest_route=\/wp\/v2\/product\/6328\/revisions"}],"predecessor-version":[{"id":6840,"href":"https:\/\/www.mettoils.com\/index.php?rest_route=\/wp\/v2\/product\/6328\/revisions\/6840"}],"wp:featuredmedia":[{"embeddable":true,"href":"https:\/\/www.mettoils.com\/index.php?rest_route=\/wp\/v2\/media\/6838"}],"wp:attachment":[{"href":"https:\/\/www.mettoils.com\/index.php?rest_route=%2Fwp%2Fv2%2Fmedia&parent=6328"}],"wp:term":[{"taxonomy":"product_cat","embeddable":true,"href":"https:\/\/www.mettoils.com\/index.php?rest_route=%2Fwp%2Fv2%2Fproduct_cat&post=6328"},{"taxonomy":"product_tag","embeddable":true,"href":"https:\/\/www.mettoils.com\/index.php?rest_route=%2Fwp%2Fv2%2Fproduct_tag&post=6328"}],"curies":[{"name":"wp","href":"https:\/\/api.w.org\/{rel}","templated":true}]}}