{"id":6414,"date":"2023-11-21T16:54:30","date_gmt":"2023-11-21T13:54:30","guid":{"rendered":"https:\/\/www.mettoils.com\/?post_type=product&#038;p=6414"},"modified":"2024-11-18T22:32:19","modified_gmt":"2024-11-18T19:32:19","slug":"adacayi-ucucu-yagi-dogal-ve-saf","status":"publish","type":"product","link":"https:\/\/www.mettoils.com\/?product=adacayi-ucucu-yagi-dogal-ve-saf","title":{"rendered":"Ada\u00e7ay\u0131 U\u00e7ucu Ya\u011f\u0131 &#038; Do\u011fal ve Saf"},"content":{"rendered":"<p>Do\u011fan\u0131n Dirilten Esintisi: U\u00e7ucu Ada\u00e7ay\u0131 Ya\u011f\u0131<\/p>\n<p>U\u00e7ucu ada\u00e7ay\u0131 ya\u011f\u0131, binlerce y\u0131ll\u0131k bir ge\u00e7mi\u015fe sahip olan ve t\u0131bbi kullan\u0131mlar\u0131yla \u00fcnl\u00fc bir bitki olan ada\u00e7ay\u0131ndan elde edilir.<br \/>\nAntik Yunanl\u0131lar ve Romal\u0131lar, ada\u00e7ay\u0131n\u0131 zihinsel netlik ve bedensel iyilik i\u00e7in de\u011ferli bir bitki olarak kabul ettiler.<br \/>\nOrta \u00c7a\u011f&#8217;da, ada\u00e7ay\u0131 ya\u011f\u0131 \u00e7e\u015fitli tedavilerde kullan\u0131larak bu bitkinin \u015fifa g\u00fcc\u00fc ke\u015ffedildi.<\/p>\n<p>Ne \u0130\u015fe Yarar ve Nas\u0131l Kullan\u0131l\u0131r:<br \/>\nU\u00e7ucu ada\u00e7ay\u0131 ya\u011f\u0131, bir dizi sa\u011fl\u0131k ve g\u00fczellik avantaj\u0131 sunar:<\/p>\n<p>Enerji: Ada\u00e7ay\u0131 ya\u011f\u0131, zihinsel odaklanmay\u0131 art\u0131rarak enerji seviyelerini y\u00fckseltmeye yard\u0131mc\u0131 olabilir. Bu \u00f6zellikle stresli zamanlarda veya yo\u011fun \u00e7al\u0131\u015fma saatlerinde kullan\u0131\u015fl\u0131d\u0131r.<\/p>\n<p>Solunum Sa\u011fl\u0131\u011f\u0131: Ada\u00e7ay\u0131 ya\u011f\u0131, solunum yollar\u0131n\u0131 rahatlatarak derin ve kolay nefes almay\u0131 te\u015fvik eder. So\u011fuk alg\u0131nl\u0131\u011f\u0131 veya solunum problemleriyle m\u00fccadelede destekleyici bir rol oynayabilir.<\/p>\n<p>Cilt ve Sa\u00e7 Bak\u0131m\u0131: Ada\u00e7ay\u0131 ya\u011f\u0131, cilde ton verici bir etki sa\u011flar ve sa\u00e7 derisini canland\u0131rabilir. Antioksidan \u00f6zellikleri sayesinde cilt sa\u011fl\u0131\u011f\u0131n\u0131 destekler ve sa\u00e7lar\u0131 g\u00fc\u00e7lendirir.<\/p>\n<p>Nas\u0131l Kullan\u0131l\u0131r:<br \/>\nDif\u00fcz\u00f6rde Kullan\u0131m: Bir dif\u00fcz\u00f6re birka\u00e7 damla ada\u00e7ay\u0131 ya\u011f\u0131 ekleyerek ortam\u0131n\u0131z\u0131 tazeleyebilir ve zihinsel netlik sa\u011flayabilirsiniz.<br \/>\nMasaj Ya\u011flar\u0131na Eklemek: Ta\u015f\u0131y\u0131c\u0131 bir ya\u011f ile kar\u0131\u015ft\u0131r\u0131larak cilt \u00fczerine masaj yap\u0131labilir. Bu, cilt tonunu art\u0131rabilir ve kaslar\u0131 rahatlatabilir.<br \/>\nBuhar Banyosu: S\u0131cak suya birka\u00e7 damla ada\u00e7ay\u0131 ya\u011f\u0131 ekleyerek buhar banyosu yapabilirsiniz. Bu, solunum sistemini desteklemeye yard\u0131mc\u0131 olabilir.<br \/>\n\u015eampuan \u0130le Kullan\u0131m: \u015eampuan\u0131n\u0131za birka\u00e7 damla ada\u00e7ay\u0131 ya\u011f\u0131 ekleyerek sa\u00e7 bak\u0131m\u0131n\u0131z\u0131 g\u00fc\u00e7lendirebilir ve sa\u00e7 derisini canland\u0131rabilirsiniz.<\/p>\n<p>Uyar\u0131lar:<br \/>\nU\u00e7ucu ada\u00e7ay\u0131 ya\u011f\u0131n\u0131 kullan\u0131rken dikkat edilmesi gereken baz\u0131 \u00f6nemli uyar\u0131lar \u015funlard\u0131r:<br \/>\nHamileler ve emziren anneler kullanmadan \u00f6nce doktora dan\u0131\u015fmal\u0131d\u0131r.<br \/>\nSaf ada\u00e7ay\u0131 ya\u011f\u0131, cilde direkt olarak uygulanmamal\u0131; ta\u015f\u0131y\u0131c\u0131 ya\u011f ile seyreltilmelidir.<br \/>\nY\u00fcksek dozlarda kullan\u0131m, cilt tahri\u015fine neden olabilir; \u00f6nerilen miktarlara dikkat edilmelidir.<\/p>\n","protected":false},"excerpt":{"rendered":"<p>Do\u011fan\u0131n Dirilten Esintisi: U\u00e7ucu Ada\u00e7ay\u0131 Ya\u011f\u0131 U\u00e7ucu ada\u00e7ay\u0131 ya\u011f\u0131, binlerce y\u0131ll\u0131k bir ge\u00e7mi\u015fe sahip olan ve t\u0131bbi kullan\u0131mlar\u0131yla \u00fcnl\u00fc bir bitki olan ada\u00e7ay\u0131ndan elde edilir. Antik Yunanl\u0131lar ve Romal\u0131lar, ada\u00e7ay\u0131n\u0131 zihinsel netlik ve bedensel iyilik i\u00e7in de\u011ferli bir bitki olarak kabul ettiler. Orta \u00c7a\u011f&#8217;da, ada\u00e7ay\u0131 ya\u011f\u0131 \u00e7e\u015fitli tedavilerde kullan\u0131larak bu bitkinin \u015fifa g\u00fcc\u00fc ke\u015ffedildi. Ne [&hellip;]<\/p>\n","protected":false},"featured_media":6826,"comment_status":"open","ping_status":"closed","template":"","meta":[],"product_cat":[15,132],"product_tag":[],"class_list":{"0":"post-6414","1":"product","2":"type-product","3":"status-publish","4":"has-post-thumbnail","6":"product_cat-tum-urunler","7":"product_cat-cilt-ve-genel-saglik","9":"first","10":"instock","11":"taxable","12":"shipping-taxable","13":"purchasable","14":"product-type-simple"},"_links":{"self":[{"href":"https:\/\/www.mettoils.com\/index.php?rest_route=\/wp\/v2\/product\/6414","targetHints":{"allow":["GET"]}}],"collection":[{"href":"https:\/\/www.mettoils.com\/index.php?rest_route=\/wp\/v2\/product"}],"about":[{"href":"https:\/\/www.mettoils.com\/index.php?rest_route=\/wp\/v2\/types\/product"}],"replies":[{"embeddable":true,"href":"https:\/\/www.mettoils.com\/index.php?rest_route=%2Fwp%2Fv2%2Fcomments&post=6414"}],"version-history":[{"count":1,"href":"https:\/\/www.mettoils.com\/index.php?rest_route=\/wp\/v2\/product\/6414\/revisions"}],"predecessor-version":[{"id":6828,"href":"https:\/\/www.mettoils.com\/index.php?rest_route=\/wp\/v2\/product\/6414\/revisions\/6828"}],"wp:featuredmedia":[{"embeddable":true,"href":"https:\/\/www.mettoils.com\/index.php?rest_route=\/wp\/v2\/media\/6826"}],"wp:attachment":[{"href":"https:\/\/www.mettoils.com\/index.php?rest_route=%2Fwp%2Fv2%2Fmedia&parent=6414"}],"wp:term":[{"taxonomy":"product_cat","embeddable":true,"href":"https:\/\/www.mettoils.com\/index.php?rest_route=%2Fwp%2Fv2%2Fproduct_cat&post=6414"},{"taxonomy":"product_tag","embeddable":true,"href":"https:\/\/www.mettoils.com\/index.php?rest_route=%2Fwp%2Fv2%2Fproduct_tag&post=6414"}],"curies":[{"name":"wp","href":"https:\/\/api.w.org\/{rel}","templated":true}]}}