{"id":6415,"date":"2023-11-21T16:55:39","date_gmt":"2023-11-21T13:55:39","guid":{"rendered":"https:\/\/www.mettoils.com\/?post_type=product&#038;p=6415"},"modified":"2024-11-18T22:32:19","modified_gmt":"2024-11-18T19:32:19","slug":"okaliptus-ucucu-yagi-dogal-ve-saf","status":"publish","type":"product","link":"https:\/\/www.mettoils.com\/?product=okaliptus-ucucu-yagi-dogal-ve-saf","title":{"rendered":"Okaliptus U\u00e7ucu Ya\u011f\u0131 &#038; Do\u011fal ve Saf"},"content":{"rendered":"<p><strong>Mucizevi Yaprak: U\u00e7ucu Okalipt\u00fcs Ya\u011f\u0131n\u0131n Ke\u015ffi<\/strong><\/p>\n<p>U\u00e7ucu okalipt\u00fcs ya\u011f\u0131, Avustralya&#8217;n\u0131n \u00f6zg\u00fcn bitkilerinden biri olan okalipt\u00fcs a\u011fac\u0131n\u0131n yapraklar\u0131ndan elde edilir. Avustralya yerlileri y\u00fczy\u0131llard\u0131r bu \u00f6zel bitkiyi \u015fifal\u0131 ama\u00e7larla kullanmaktad\u0131r.<br \/>\nAvrupa&#8217;ya ise 18. y\u00fczy\u0131l\u0131n sonlar\u0131nda getirilen okalipt\u00fcs, bug\u00fcn d\u00fcnya genelinde solunum sa\u011fl\u0131\u011f\u0131 ve rahatlama amac\u0131yla yayg\u0131n olarak kullan\u0131lmaktad\u0131r.<\/p>\n<p>Ne \u0130\u015fe Yarar ve Nas\u0131l Kullan\u0131l\u0131r:<\/p>\n<p>Dahilen kullan\u0131lmak istendi\u011finde bir fincan su i\u00e7erisine 1-2 damla kadar okaliptus ya\u011f\u0131 damlat\u0131larak i\u00e7ilebilir. Suyun \u0131l\u0131k olmas\u0131 ya\u011f\u0131n etkisini daha h\u0131zl\u0131 g\u00f6stermesini sa\u011flayacak bir fakt\u00f6rd\u00fcr. Buna ek olarak, tad\u0131 fazla ac\u0131 bulunursa bal ile t\u00fcketilebilmektedir<br \/>\n\u00b7 BURUN TIKANIKLI\u011eI \u0130\u00c7\u0130N: S\u0131cak su buhar\u0131na 5 damla damlat\u0131lan okaliptus ya\u011f\u0131 burun t\u0131kan\u0131kl\u0131\u011f\u0131na iyi gelir. Bir bardak suyun i\u00e7erisine birka\u00e7 damla okaliptus ya\u011f\u0131n\u0131n damlat\u0131larak a\u011f\u0131za gargara yap\u0131lmas\u0131n\u0131n burun t\u0131kan\u0131kl\u0131\u011f\u0131na iyi geldi\u011fi s\u00f6ylenmektedir.<br \/>\n\u00b7 Okaliptus ya\u011f\u0131n\u0131 g\u00f6\u011fs\u00fcn\u00fcze s\u00fcrerek balgam s\u00f6kt\u00fcr\u00fcc\u00fc \u00f6zelli\u011finden faydalabilirsiniz.<br \/>\n\u00b7 Koltuk alt\u0131 ve ba\u015f b\u00f6lgesine okaliptus ya\u011f\u0131n\u0131 uygulaman\u0131n ate\u015f d\u00fc\u015f\u00fcr\u00fcc\u00fc etkisi oldu\u011fu s\u00f6ylenmektedir.<br \/>\n\u00b7 Eklem yerlerinizde a\u011fr\u0131lar ya\u015f\u0131yorsan\u0131z buralara damlatarak masaj yapabilirsiniz. Veya ishaliniz varsa kar\u0131n b\u00f6lgenize damlatarak uygulayabilirsiniz. Solunum yolu problemleri i\u00e7in aromas\u0131n\u0131 teneff\u00fcs edebilirsiniz.<br \/>\n\u00b7 Cilt rengini a\u00e7mak i\u00e7in: Bir k\u00e2se yo\u011furdun i\u00e7erisine 2 veya 3 damla okaliptus ya\u011f\u0131 damlat\u0131n. Daha sonra yo\u011furdu cildinize s\u00fcr\u00fcn ve bir s\u00fcre bekletip cildinizi temizleyin.<br \/>\n\u00b7 Yumu\u015fak ve nemli bir cilt i\u00e7in: Ayn\u0131 oranda okaliptus ya\u011f\u0131n\u0131 bal\u0131 ve limon suyunu kar\u0131\u015ft\u0131r\u0131p t\u00fcm v\u00fccudunuza s\u00fcr\u00fcn. V\u00fccudunuzda 10 dk. s\u00fcre kadar beklettikten sonra du\u015fa girip cildinizi durulay\u0131n. Yumu\u015fac\u0131k ve nemli bir cilde kavu\u015fabilirsiniz.<\/p>\n<p>C\u0130LT BAKIMI : Okalipt\u00fcs s\u0131kl\u0131kla cilt maskeleri ve ila\u00e7lar\u0131nda kullan\u0131l\u0131r. \u00d6zellikle sivilce tedavisinde y\u00fcze masaj yap\u0131larak kullan\u0131labilir.<br \/>\nSA\u00c7 BAKIMI : Sa\u00e7 folik\u00fcllerinde mikrop birikimini \u00f6nleyen g\u00fc\u00e7l\u00fc antiseptik ve anti-fungal \u00f6zelliklere sahiptir. Bu kepek, ka\u015f\u0131nt\u0131l\u0131 kafa derisi ve sedef hastal\u0131\u011f\u0131 gibi durumlar\u0131 \u00f6nlemeye yard\u0131mc\u0131 olur. Sa\u00e7 biti tedavisinde etkili bir do\u011fal y\u00f6ntemdir.<br \/>\nSOLUNUM PROBLEMLER\u0130 : Okalipt\u00fcs ya\u011f\u0131, so\u011fuk alg\u0131nl\u0131\u011f\u0131, \u00f6ks\u00fcr\u00fck, burun ak\u0131nt\u0131s\u0131, bo\u011faz a\u011fr\u0131s\u0131, ast\u0131m, burun t\u0131kan\u0131kl\u0131\u011f\u0131, bron\u015fit ve sin\u00fczit gibi bir dizi solunum probleminin tedavisinde olduk\u00e7a etkilidir.<br \/>\nKAS A\u011eRILARI : Romatizma, bel a\u011fr\u0131s\u0131, burkulmu\u015f ba\u011flar ve tendonlar, sert kaslar a\u011fr\u0131lar\u0131, fibroz ve hatta sinir a\u011fr\u0131s\u0131 \u00e7eken hastalar i\u00e7in \u00f6nerilir.<br \/>\nKaynak : Prof. Dr. Ahmet Maranki<\/p>\n<p><span style=\"font-weight: 400;\">Esansiyel ya\u011f\u0131n 28 g\u00fcnden fazla kullan\u0131lmas\u0131n\u0131 \u00f6nermiyoruz.\u00a0Gerekirse bir hafta dinlenin, sonra devam edin.<\/span><\/p>\n<p>Nas\u0131l Kullan\u0131l\u0131r:<br \/>\nNefes A\u00e7\u0131c\u0131 Inhaler Yap\u0131m\u0131: Bir inhale veya aromaterapi inhaler\u0131na birka\u00e7 damla okalipt\u00fcs ya\u011f\u0131 ekleyerek solunum yollar\u0131n\u0131z\u0131 rahatlatan ta\u015f\u0131nabilir bir inhaler olu\u015fturabilirsiniz.<br \/>\nTemizlik \u00dcr\u00fcnlerine Eklemek: Ev temizlik \u00fcr\u00fcnlerinize birka\u00e7 damla okalipt\u00fcs ya\u011f\u0131 ekleyerek do\u011fal bir dezenfektan elde edebilirsiniz.<br \/>\nDo\u011frudan Nefes Alma: Birka\u00e7 damla okalipt\u00fcs ya\u011f\u0131n\u0131 avu\u00e7 i\u00e7ine ekleyip ellerinizi birbirine s\u00fcrerek ve derin nefes alarak solunum yollar\u0131n\u0131 a\u00e7abilirsiniz.<br \/>\nMasaj Ya\u011f\u0131 Olarak Kullan\u0131m: Okalipt\u00fcs ya\u011f\u0131n\u0131 ta\u015f\u0131y\u0131c\u0131 bir ya\u011f ile kar\u0131\u015ft\u0131rarak cilde masaj yapabilirsiniz. Bu, kaslar\u0131 rahatlatmaya ve gerilimi azaltmaya yard\u0131mc\u0131 olabilir.<\/p>\n<p><strong>Kullan\u0131m Alanlar\u0131 ve \u00d6nerileri: <\/strong><\/p>\n<p>Ast\u0131m, bron\u015fit, KOAH, zat\u00fcrre gibi solunum s\u0131k\u0131nt\u0131s\u0131 tedavisinde olduk\u00e7a etkilidir. Topikal kullan\u0131mda kas ve eklem a\u011fr\u0131lar\u0131n\u0131 ciddi derecede azalt\u0131r. G\u00fcne\u015f ve sivilce lekelerini giderir.<br \/>\nSa\u00e7\u0131 nemlendirir, ka\u015f\u0131nt\u0131y\u0131 \u00f6nler, kepek tedavisinde kullan\u0131l\u0131r. Bit ve pireyi \u00f6nler. Okalipt\u00fcs ayr\u0131ca solundu\u011funda veya topikal olarak uyguland\u0131\u011f\u0131nda serinletici, yat\u0131\u015ft\u0131r\u0131c\u0131 bir his \u00fcretir.<\/p>\n<p>Aromatik kullan\u0131m: Se\u00e7ti\u011finiz dif\u00fcz\u00f6re \u00fc\u00e7 ila d\u00f6rt damla ekleyin. Do\u011fal bir koku giderici sprey yapmak veya serinletici ve yat\u0131\u015ft\u0131r\u0131c\u0131 etkisinden faydalanmak i\u00e7in dam\u0131t\u0131lm\u0131\u015f suyla dolu bir sprey \u015fi\u015fesine Okalipt\u00fcs esansiyel ya\u011f\u0131 ekleyin.<\/p>\n<p>Topikal kullan\u0131m: Topikal olarak uygulamak i\u00e7in, bir damla esansiyel ya\u011f\u0131 10 damla ta\u015f\u0131y\u0131c\u0131 ya\u011fa seyreltin. Temiz nefes alma ve a\u00e7\u0131k hava yollar\u0131 hissini te\u015fvik etmek i\u00e7in aromatik veya burnunuzun \u00fcst\u00fcne ve g\u00f6\u011fs\u00fcn\u00fcze seyrelterek topikal olarak uygulay\u0131n. Ya\u011f\u0131n canland\u0131r\u0131c\u0131 aromas\u0131n\u0131 hissetmek i\u00e7in bir sonraki<br \/>\ndu\u015funuzda ayaklar\u0131n\u0131za birka\u00e7 damla Okalipt\u00fcs ya\u011f\u0131 s\u00fcrmeyi deneyin.<\/p>\n<p><b>Aromatik kullan\u0131m:<\/b><span style=\"font-weight: 400;\">\u00a0Se\u00e7ti\u011finiz dif\u00fcz\u00f6re \u00fc\u00e7 ila d\u00f6rt damla Okalipt\u00fcs ya\u011f\u0131 ekleyin.<\/span><span style=\"font-weight: 400;\"><br \/>\n<\/span><b>Topikal kullan\u0131m:<\/b><span style=\"font-weight: 400;\">\u00a0<\/span><span style=\"font-weight: 400;\">Topikal olarak uygulamak i\u00e7in bir damla Okalipt\u00fcs esansiyel ya\u011f\u0131n\u0131 10 damla ta\u015f\u0131y\u0131c\u0131 ya\u011fla (Hindistan Cevizi Ya\u011f\u0131 vb.) seyreltin. <\/span><\/p>\n<p><strong>Uyar\u0131lar<\/strong><\/p>\n<p>Hamile kad\u0131nlar, emziren kad\u0131nlar ve 5 ya\u015f\u0131n alt\u0131ndaki \u00e7ocuklar i\u00e7in kontrendikedir. N\u00f6rolojik duyarl\u0131l\u0131\u011f\u0131 olan ki\u015filere \u00f6nerilmez.<\/p>\n","protected":false},"excerpt":{"rendered":"<p>Mucizevi Yaprak: U\u00e7ucu Okalipt\u00fcs Ya\u011f\u0131n\u0131n Ke\u015ffi U\u00e7ucu okalipt\u00fcs ya\u011f\u0131, Avustralya&#8217;n\u0131n \u00f6zg\u00fcn bitkilerinden biri olan okalipt\u00fcs a\u011fac\u0131n\u0131n yapraklar\u0131ndan elde edilir. Avustralya yerlileri y\u00fczy\u0131llard\u0131r bu \u00f6zel bitkiyi \u015fifal\u0131 ama\u00e7larla kullanmaktad\u0131r. Avrupa&#8217;ya ise 18. y\u00fczy\u0131l\u0131n sonlar\u0131nda getirilen okalipt\u00fcs, bug\u00fcn d\u00fcnya genelinde solunum sa\u011fl\u0131\u011f\u0131 ve rahatlama amac\u0131yla yayg\u0131n olarak kullan\u0131lmaktad\u0131r. Ne \u0130\u015fe Yarar ve Nas\u0131l Kullan\u0131l\u0131r: Dahilen kullan\u0131lmak istendi\u011finde [&hellip;]<\/p>\n","protected":false},"featured_media":6823,"comment_status":"open","ping_status":"closed","template":"","meta":[],"product_cat":[15,133],"product_tag":[],"class_list":{"0":"post-6415","1":"product","2":"type-product","3":"status-publish","4":"has-post-thumbnail","6":"product_cat-tum-urunler","7":"product_cat-solunum-ve-rahatlama","9":"first","10":"instock","11":"taxable","12":"shipping-taxable","13":"purchasable","14":"product-type-simple"},"_links":{"self":[{"href":"https:\/\/www.mettoils.com\/index.php?rest_route=\/wp\/v2\/product\/6415","targetHints":{"allow":["GET"]}}],"collection":[{"href":"https:\/\/www.mettoils.com\/index.php?rest_route=\/wp\/v2\/product"}],"about":[{"href":"https:\/\/www.mettoils.com\/index.php?rest_route=\/wp\/v2\/types\/product"}],"replies":[{"embeddable":true,"href":"https:\/\/www.mettoils.com\/index.php?rest_route=%2Fwp%2Fv2%2Fcomments&post=6415"}],"version-history":[{"count":4,"href":"https:\/\/www.mettoils.com\/index.php?rest_route=\/wp\/v2\/product\/6415\/revisions"}],"predecessor-version":[{"id":6932,"href":"https:\/\/www.mettoils.com\/index.php?rest_route=\/wp\/v2\/product\/6415\/revisions\/6932"}],"wp:featuredmedia":[{"embeddable":true,"href":"https:\/\/www.mettoils.com\/index.php?rest_route=\/wp\/v2\/media\/6823"}],"wp:attachment":[{"href":"https:\/\/www.mettoils.com\/index.php?rest_route=%2Fwp%2Fv2%2Fmedia&parent=6415"}],"wp:term":[{"taxonomy":"product_cat","embeddable":true,"href":"https:\/\/www.mettoils.com\/index.php?rest_route=%2Fwp%2Fv2%2Fproduct_cat&post=6415"},{"taxonomy":"product_tag","embeddable":true,"href":"https:\/\/www.mettoils.com\/index.php?rest_route=%2Fwp%2Fv2%2Fproduct_tag&post=6415"}],"curies":[{"name":"wp","href":"https:\/\/api.w.org\/{rel}","templated":true}]}}