{"id":6416,"date":"2023-11-21T16:57:20","date_gmt":"2023-11-21T13:57:20","guid":{"rendered":"https:\/\/www.mettoils.com\/?post_type=product&#038;p=6416"},"modified":"2024-11-18T22:32:19","modified_gmt":"2024-11-18T19:32:19","slug":"kekik-ucucu-yagi-dogal-ve-saf","status":"publish","type":"product","link":"https:\/\/www.mettoils.com\/?product=kekik-ucucu-yagi-dogal-ve-saf","title":{"rendered":"Kekik U\u00e7ucu Ya\u011f\u0131 &#038; Do\u011fal ve Saf"},"content":{"rendered":"<p><strong>Harika Bir Yolculuk: U\u00e7ucu Kekik Ya\u011f\u0131n\u0131n Ke\u015ffi<\/strong><\/p>\n<p>U\u00e7ucu kekik ya\u011f\u0131, tarihi eski Yunan ve Roma d\u00f6nemlerine dayanan kekik bitkisinin yapraklar\u0131ndan elde edilir.<br \/>\nAntik medeniyetlerde sa\u011fl\u0131k ve g\u00fczellik i\u00e7in kullan\u0131lan kekik, g\u00fcn\u00fcm\u00fczde de bir\u00e7ok k\u00fclt\u00fcrde sayg\u0131 g\u00f6rmeye<br \/>\ndevam etmektedir.<\/p>\n<p>Do\u011fadan Gelen Sa\u011fl\u0131k: U\u00e7ucu Kekik Ya\u011f\u0131 \u0130le Yeniden Canlan\u0131n!<br \/>\nKekik ya\u011f\u0131n\u0131n muhte\u015fem d\u00fcnyas\u0131na bir ad\u0131m at\u0131n. Ba\u011f\u0131\u015f\u0131kl\u0131\u011f\u0131n\u0131z\u0131 g\u00fc\u00e7lendirin, solunum sisteminizi destekleyin ve cildinizin parlakl\u0131\u011f\u0131n\u0131 koruyun. U\u00e7ucu kekik ya\u011f\u0131 ile do\u011fan\u0131n iyile\u015ftirici g\u00fcc\u00fcn\u00fc ke\u015ffedin ve sa\u011fl\u0131kl\u0131 bir ya\u015fam\u0131n kap\u0131lar\u0131n\u0131 aralay\u0131n.<\/p>\n<p><b>Faydalar\u0131:<\/b><\/p>\n<p>Sel\u00fclit ve varis gibi problemlere iyi gelir, Cilt ka\u015f\u0131nt\u0131s\u0131n\u0131 \u00f6nler, \u0130drar ve gaz s\u00f6kt\u00fcr\u00fcc\u00fcd\u00fcr, Etkili bir yara iyile\u015ftiricidir, Romatizma ve kas a\u011fr\u0131lar\u0131nda rahatlat\u0131c\u0131 etkisi vard\u0131r. Ar\u0131 ve b\u00f6cek sokmalar\u0131nda da ate\u015fi giderir. G\u00fc\u00e7l\u00fc temizleyici ve ar\u0131nd\u0131r\u0131c\u0131 \u00f6zellikler i\u00e7erir. Sivilce i\u00e7in do\u011fal bir ila\u00e7 olarak kullan\u0131labilir. Yaralar\u0131 ve yara izlerini iyile\u015ftirir; yan\u0131klar\u0131 giderir.<\/p>\n<p><b>Duygusal y\u00f6nler<\/b><\/p>\n<ul>\n<li style=\"font-weight: 400;\" aria-level=\"1\"><span style=\"font-weight: 400;\">Enerji verici ve canland\u0131r\u0131c\u0131 oldu\u011fu bilinen;<\/span><\/li>\n<li style=\"font-weight: 400;\" aria-level=\"1\"><span style=\"font-weight: 400;\">Cesaret ya\u011f\u0131, g\u00fc\u00e7 ve karar verme g\u00fcc\u00fc getirir;<\/span><\/li>\n<li style=\"font-weight: 400;\" aria-level=\"1\"><span style=\"font-weight: 400;\">Korkular \u00fczerinde \u00e7al\u0131\u015f\u0131r ve kararl\u0131l\u0131\u011f\u0131 te\u015fvik eder;<\/span><\/li>\n<li style=\"font-weight: 400;\" aria-level=\"1\"><span style=\"font-weight: 400;\">\u00c7evrede kullan\u0131ld\u0131\u011f\u0131nda ruh halini iyile\u015ftirir (karvakrol).<\/span><\/li>\n<\/ul>\n<p><b>Bedensel y\u00f6nler<\/b><\/p>\n<ul>\n<li style=\"font-weight: 400;\" aria-level=\"1\"><span style=\"font-weight: 400;\">Anti-inflamatuar, antiseptik, antibakteriyel, anti-enfeksiy\u00f6z ve antifungal etki;<\/span><\/li>\n<li style=\"font-weight: 400;\" aria-level=\"1\"><span style=\"font-weight: 400;\">Ba\u011f\u0131\u015f\u0131kl\u0131k sistemi uyar\u0131c\u0131s\u0131;\u00a0<\/span><\/li>\n<li style=\"font-weight: 400;\" aria-level=\"1\"><span style=\"font-weight: 400;\">G\u00fc\u00e7l\u00fc imm\u00fcn sistemi uyar\u0131c\u0131 etki, v\u00fccudun ba\u011f\u0131\u015f\u0131kl\u0131\u011f\u0131n\u0131 g\u00fc\u00e7lendirmeye yard\u0131mc\u0131 olur;<\/span><\/li>\n<li style=\"font-weight: 400;\" aria-level=\"1\"><span style=\"font-weight: 400;\">Dahili Kullan\u0131mda g\u00fc\u00e7l\u00fc bir antioksidand\u0131r<\/span><\/li>\n<li style=\"font-weight: 400;\" aria-level=\"1\"><span style=\"font-weight: 400;\">A\u011fr\u0131 ve iltihab\u0131n azalt\u0131lmas\u0131na yard\u0131mc\u0131 olur.<\/span><\/li>\n<li style=\"font-weight: 400;\" aria-level=\"1\"><span style=\"font-weight: 400;\">Solunum yollar\u0131 \u00fczerinde balgam s\u00f6kt\u00fcr\u00fcc\u00fc ve dezenfektan etkisi vard\u0131r;<\/span><\/li>\n<li style=\"font-weight: 400;\" aria-level=\"1\"><span style=\"font-weight: 400;\">Grip, so\u011fuk alg\u0131nl\u0131\u011f\u0131, \u00f6ks\u00fcr\u00fck, bo\u011faz a\u011fr\u0131s\u0131 vb. tedavisinde yard\u0131mc\u0131 olabilir;<\/span><\/li>\n<li style=\"font-weight: 400;\" aria-level=\"1\"><span style=\"font-weight: 400;\">Solunum yolu hastal\u0131klar\u0131n\u0131n (grip, so\u011fuk alg\u0131nl\u0131\u011f\u0131) semptomlar\u0131na yard\u0131mc\u0131 olur;<\/span><\/li>\n<li style=\"font-weight: 400;\" aria-level=\"1\"><span style=\"font-weight: 400;\">Kas gev\u015femesini sa\u011flar ve a\u011fr\u0131n\u0131n hafifletilmesine yard\u0131mc\u0131 olur (masajlarda).<\/span><span style=\"font-weight: 400;\"><br \/>\n<\/span><\/li>\n<\/ul>\n<p><b>Kozmetik y\u00f6nler<\/b><\/p>\n<ul>\n<li style=\"font-weight: 400;\" aria-level=\"1\"><span style=\"font-weight: 400;\">Si\u011fillerin giderilmesine yard\u0131mc\u0131 olabilir.<\/span><\/li>\n<li style=\"font-weight: 400;\" aria-level=\"1\"><span style=\"font-weight: 400;\">Antioksidan etkisi;<\/span><\/li>\n<\/ul>\n<p><b>Kullan\u0131m talimatlar\u0131<\/b><\/p>\n<p>Aromatik kullan\u0131m: Tercih etti\u011finiz dif\u00fcz\u00f6rde bir ila iki damla kullan\u0131n. Dahili kullan\u0131m: Bir damlay\u0131 4 s\u0131v\u0131 ons (~120ml) s\u0131v\u0131 i\u00e7inde seyreltin. Topikal kullan\u0131m: Topikal olarak uygulamak i\u00e7in, bir damla esansiyel ya\u011f\u0131 10 damla ta\u015f\u0131y\u0131c\u0131 ya\u011f ile seyreltin (Seyreltme \u00f6nerilesi: Hindistan Cevizi ya\u011f\u0131). A\u015fa\u011f\u0131daki ek \u00f6nlemlere bak\u0131n.<br \/>\nUyar\u0131lar: Y\u00fcksek fenol i\u00e7eri\u011fi nedeniyle Kekik esansiyel ya\u011f\u0131n\u0131 teneff\u00fcs ederken veya dif\u00fcze ederken dikkatli olunmal\u0131d\u0131r; sadece bir ila iki damla gereklidir. Ayr\u0131ca Kekik ya\u011f\u0131 cilde uyguland\u0131\u011f\u0131nda mutlaka bir ta\u015f\u0131y\u0131c\u0131 ya\u011f ile seyreltilmelidir. Enfeksiyonlar i\u00e7in kekik ya\u011f\u0131n\u0131 bir bardak suya 1 damla damlatarak t\u00fcketebilirsiniz. Kekik ya\u011f\u0131n\u0131 saf olarak t\u00fcketmek fazla g\u00fc\u00e7l\u00fc etkilerinden dolay\u0131 mant\u0131kl\u0131 de\u011fil. Ayr\u0131ca yo\u011funlu\u011funu azaltt\u0131\u011f\u0131n\u0131z kekik ya\u011f\u0131n\u0131 10 g\u00fcn\u00fc ge\u00e7meyecek \u015fekilde t\u00fcketebilirsiniz. \u00dcst solunum yolu enfeksiyonu ve sin\u00fczit gibi durumlarda bir litre kaynayan su i\u00e7erisine 4 damla kekik ya\u011f\u0131 ekleyip su buhar\u0131n\u0131 burnunuzdan i\u00e7inize \u00e7ekerek faydalan\u0131labilir. Y\u00fczeysel enfeksiyonlar i\u00e7in kullanmak istiyorsan\u0131z ayr\u0131 bir kapta 2 \u00e7ay ka\u015f\u0131\u011f\u0131 zeytinya\u011f\u0131 ile 2 damla kekik ya\u011f\u0131 kar\u0131\u015ft\u0131r\u0131p etkilenen b\u00f6lgeye s\u00fcrebilirsiniz.<\/p>\n<p><strong>Uyar\u0131lar:<\/strong><br \/>\nSaf kekik ya\u011f\u0131 cilde direkt olarak uygulanmamal\u0131; ta\u015f\u0131y\u0131c\u0131 ya\u011f ile seyreltilmelidir.<br \/>\nKekik ya\u011f\u0131 y\u00fcksek konsantrasyona sahip oldu\u011fundan, \u00f6nerilen dozlar\u0131 a\u015fmaktan ka\u00e7\u0131n\u0131lmal\u0131d\u0131r. Ayr\u0131ca hamile ve emziren anneler kekik ya\u011f\u0131 kullanmamal\u0131d\u0131r. Di\u011fer herkesin kekik ya\u011f\u0131 kullanmadan \u00f6nce mutlaka hekimine dan\u0131\u015fmas\u0131 gerekmektedir.<\/p>\n","protected":false},"excerpt":{"rendered":"<p>Harika Bir Yolculuk: U\u00e7ucu Kekik Ya\u011f\u0131n\u0131n Ke\u015ffi U\u00e7ucu kekik ya\u011f\u0131, tarihi eski Yunan ve Roma d\u00f6nemlerine dayanan kekik bitkisinin yapraklar\u0131ndan elde edilir. Antik medeniyetlerde sa\u011fl\u0131k ve g\u00fczellik i\u00e7in kullan\u0131lan kekik, g\u00fcn\u00fcm\u00fczde de bir\u00e7ok k\u00fclt\u00fcrde sayg\u0131 g\u00f6rmeye devam etmektedir. Do\u011fadan Gelen Sa\u011fl\u0131k: U\u00e7ucu Kekik Ya\u011f\u0131 \u0130le Yeniden Canlan\u0131n! Kekik ya\u011f\u0131n\u0131n muhte\u015fem d\u00fcnyas\u0131na bir ad\u0131m at\u0131n. Ba\u011f\u0131\u015f\u0131kl\u0131\u011f\u0131n\u0131z\u0131 [&hellip;]<\/p>\n","protected":false},"featured_media":6820,"comment_status":"open","ping_status":"closed","template":"","meta":[],"product_cat":[15,132],"product_tag":[],"class_list":{"0":"post-6416","1":"product","2":"type-product","3":"status-publish","4":"has-post-thumbnail","6":"product_cat-tum-urunler","7":"product_cat-cilt-ve-genel-saglik","9":"first","10":"instock","11":"taxable","12":"shipping-taxable","13":"purchasable","14":"product-type-simple"},"_links":{"self":[{"href":"https:\/\/www.mettoils.com\/index.php?rest_route=\/wp\/v2\/product\/6416","targetHints":{"allow":["GET"]}}],"collection":[{"href":"https:\/\/www.mettoils.com\/index.php?rest_route=\/wp\/v2\/product"}],"about":[{"href":"https:\/\/www.mettoils.com\/index.php?rest_route=\/wp\/v2\/types\/product"}],"replies":[{"embeddable":true,"href":"https:\/\/www.mettoils.com\/index.php?rest_route=%2Fwp%2Fv2%2Fcomments&post=6416"}],"version-history":[{"count":4,"href":"https:\/\/www.mettoils.com\/index.php?rest_route=\/wp\/v2\/product\/6416\/revisions"}],"predecessor-version":[{"id":6931,"href":"https:\/\/www.mettoils.com\/index.php?rest_route=\/wp\/v2\/product\/6416\/revisions\/6931"}],"wp:featuredmedia":[{"embeddable":true,"href":"https:\/\/www.mettoils.com\/index.php?rest_route=\/wp\/v2\/media\/6820"}],"wp:attachment":[{"href":"https:\/\/www.mettoils.com\/index.php?rest_route=%2Fwp%2Fv2%2Fmedia&parent=6416"}],"wp:term":[{"taxonomy":"product_cat","embeddable":true,"href":"https:\/\/www.mettoils.com\/index.php?rest_route=%2Fwp%2Fv2%2Fproduct_cat&post=6416"},{"taxonomy":"product_tag","embeddable":true,"href":"https:\/\/www.mettoils.com\/index.php?rest_route=%2Fwp%2Fv2%2Fproduct_tag&post=6416"}],"curies":[{"name":"wp","href":"https:\/\/api.w.org\/{rel}","templated":true}]}}