{"id":6422,"date":"2023-11-21T16:58:39","date_gmt":"2023-11-21T13:58:39","guid":{"rendered":"https:\/\/www.mettoils.com\/?post_type=product&#038;p=6422"},"modified":"2025-02-24T15:54:15","modified_gmt":"2025-02-24T12:54:15","slug":"melisa-ucucu-yagi-dogal-ve-saf","status":"publish","type":"product","link":"https:\/\/www.mettoils.com\/?product=melisa-ucucu-yagi-dogal-ve-saf","title":{"rendered":"Melisa U\u00e7ucu Ya\u011f\u0131 &#038; Do\u011fal ve Saf"},"content":{"rendered":"<p>Zamans\u0131z Bir Efsane: U\u00e7ucu Melisa Ya\u011f\u0131n\u0131n Hikayesi<\/p>\n<p>U\u00e7ucu melisa ya\u011f\u0131, tarihi Orta \u00c7a\u011f&#8217;a kadar uzanan bir bitki olan melisa bitkisinin yapraklar\u0131ndan elde edilir.<br \/>\nAntik Yunanl\u0131lar ve Romal\u0131lar, melisa bitkisinin sakinle\u015ftirici ve rahatlat\u0131c\u0131 \u00f6zellikleri nedeniyle bu bitkiyi kullanarak sa\u011fl\u0131k ve g\u00fczellikte faydalardan yararland\u0131lar.<\/p>\n<p>Do\u011fan\u0131n Sessiz \u015eifac\u0131s\u0131: U\u00e7ucu Melisa Ya\u011f\u0131 \u0130le Huzurlu Bir Yolculuk!<br \/>\nMelisa ya\u011f\u0131n\u0131n sakinle\u015ftirici ve huzur veren d\u00fcnyas\u0131na ad\u0131m at\u0131n. Zihinsel rahatlamadan mide rahatl\u0131\u011f\u0131na kadar geni\u015f bir yelpazede sa\u011fl\u0131k ve huzur sunan melisa ya\u011f\u0131, do\u011fan\u0131n iyile\u015ftirici elidir. Kendinizi do\u011fal bir huzurun kollar\u0131na b\u0131rak\u0131n ve melisa ya\u011f\u0131n\u0131n benzersiz etkilerinden faydalan\u0131n.<\/p>\n<p>Ne \u0130\u015fe Yarar ve Nas\u0131l Kullan\u0131l\u0131r:<br \/>\nU\u00e7ucu melisa ya\u011f\u0131, bir dizi \u00f6nemli fayda sunar:<\/p>\n<p>Rahatlat\u0131c\u0131 Etki: Melisa ya\u011f\u0131, sakinle\u015ftirici \u00f6zellikleri sayesinde stresle ba\u015fa \u00e7\u0131kmaya ve zihinsel rahatlama sa\u011flamaya yard\u0131mc\u0131 olabilir.<br \/>\nUyku Kalitesini Art\u0131rma: Melisa ya\u011f\u0131, uykusuzlu\u011fa kar\u015f\u0131 etkili bir \u00e7\u00f6z\u00fcm olabilir. Yatmadan \u00f6nce birka\u00e7 damla ya\u011f\u0131 diff\u00fcz\u00f6rde kullanarak veya yast\u0131\u011f\u0131n\u0131za s\u00fcrerek daha iyi bir uyku elde edebilirsiniz.<br \/>\nMide Rahatlatma: Melisa ya\u011f\u0131, mide problemlerini hafifletmek i\u00e7in kullan\u0131labilir. Bir damla ya\u011f\u0131 suya ekleyerek i\u00e7ebilir veya kar\u0131n b\u00f6lgesine masaj yapabilirsiniz.<\/p>\n<p>Nas\u0131l Kullan\u0131l\u0131r:<br \/>\nDif\u00fcz\u00f6rde Kullan\u0131m: Bir aromaterapi dif\u00fcz\u00f6r\u00fcne birka\u00e7 damla melisa ya\u011f\u0131 ekleyerek evinizin havas\u0131n\u0131 tazeleyebilir ve rahatlat\u0131c\u0131 bir ortam yaratabilirsiniz.<br \/>\nMasaj Ya\u011f\u0131 Olarak Kullan\u0131m: Melisa ya\u011f\u0131n\u0131 ta\u015f\u0131y\u0131c\u0131 bir ya\u011f ile kar\u0131\u015ft\u0131rarak cilde masaj yapabilir ve kas gerginli\u011fini azaltabilirsiniz.<br \/>\nBanyo Suyuna Eklemek: S\u0131cak bir banyo suyuna birka\u00e7 damla melisa ya\u011f\u0131 ekleyerek rahatlat\u0131c\u0131 bir banyo yapabilirsiniz.<\/p>\n<p>Uyar\u0131lar:<br \/>\nHamileler, emziren anneler ve \u00e7ocuklar kullanmadan \u00f6nce doktora dan\u0131\u015fmal\u0131d\u0131r.<br \/>\nSaf melisa ya\u011f\u0131 cilde direkt olarak uygulanmamal\u0131; ta\u015f\u0131y\u0131c\u0131 ya\u011f ile seyreltilmelidir.<br \/>\nMelisa ya\u011f\u0131n\u0131n y\u00fcksek konsantrasyonu nedeniyle, \u00f6nerilen dozlar\u0131 a\u015fmaktan ka\u00e7\u0131n\u0131lmal\u0131d\u0131r.<\/p>\n","protected":false},"excerpt":{"rendered":"<p>Zamans\u0131z Bir Efsane: U\u00e7ucu Melisa Ya\u011f\u0131n\u0131n Hikayesi U\u00e7ucu melisa ya\u011f\u0131, tarihi Orta \u00c7a\u011f&#8217;a kadar uzanan bir bitki olan melisa bitkisinin yapraklar\u0131ndan elde edilir. Antik Yunanl\u0131lar ve Romal\u0131lar, melisa bitkisinin sakinle\u015ftirici ve rahatlat\u0131c\u0131 \u00f6zellikleri nedeniyle bu bitkiyi kullanarak sa\u011fl\u0131k ve g\u00fczellikte faydalardan yararland\u0131lar. Do\u011fan\u0131n Sessiz \u015eifac\u0131s\u0131: U\u00e7ucu Melisa Ya\u011f\u0131 \u0130le Huzurlu Bir Yolculuk! Melisa ya\u011f\u0131n\u0131n sakinle\u015ftirici [&hellip;]<\/p>\n","protected":false},"featured_media":6817,"comment_status":"open","ping_status":"closed","template":"","meta":[],"product_cat":[15,134],"product_tag":[],"class_list":{"0":"post-6422","1":"product","2":"type-product","3":"status-publish","4":"has-post-thumbnail","6":"product_cat-tum-urunler","7":"product_cat-zihinsel-ve-duygusal-denge","9":"first","10":"instock","11":"taxable","12":"shipping-taxable","13":"purchasable","14":"product-type-simple"},"_links":{"self":[{"href":"https:\/\/www.mettoils.com\/index.php?rest_route=\/wp\/v2\/product\/6422","targetHints":{"allow":["GET"]}}],"collection":[{"href":"https:\/\/www.mettoils.com\/index.php?rest_route=\/wp\/v2\/product"}],"about":[{"href":"https:\/\/www.mettoils.com\/index.php?rest_route=\/wp\/v2\/types\/product"}],"replies":[{"embeddable":true,"href":"https:\/\/www.mettoils.com\/index.php?rest_route=%2Fwp%2Fv2%2Fcomments&post=6422"}],"version-history":[{"count":1,"href":"https:\/\/www.mettoils.com\/index.php?rest_route=\/wp\/v2\/product\/6422\/revisions"}],"predecessor-version":[{"id":6819,"href":"https:\/\/www.mettoils.com\/index.php?rest_route=\/wp\/v2\/product\/6422\/revisions\/6819"}],"wp:featuredmedia":[{"embeddable":true,"href":"https:\/\/www.mettoils.com\/index.php?rest_route=\/wp\/v2\/media\/6817"}],"wp:attachment":[{"href":"https:\/\/www.mettoils.com\/index.php?rest_route=%2Fwp%2Fv2%2Fmedia&parent=6422"}],"wp:term":[{"taxonomy":"product_cat","embeddable":true,"href":"https:\/\/www.mettoils.com\/index.php?rest_route=%2Fwp%2Fv2%2Fproduct_cat&post=6422"},{"taxonomy":"product_tag","embeddable":true,"href":"https:\/\/www.mettoils.com\/index.php?rest_route=%2Fwp%2Fv2%2Fproduct_tag&post=6422"}],"curies":[{"name":"wp","href":"https:\/\/api.w.org\/{rel}","templated":true}]}}