{"id":7132,"date":"2024-11-01T19:31:53","date_gmt":"2024-11-01T16:31:53","guid":{"rendered":"https:\/\/www.mettoils.com\/?post_type=product&#038;p=7132"},"modified":"2025-03-11T22:30:29","modified_gmt":"2025-03-11T19:30:29","slug":"nefes-rahatligi-seti-ozel-2li-set","status":"publish","type":"product","link":"https:\/\/www.mettoils.com\/?product=nefes-rahatligi-seti-ozel-2li-set","title":{"rendered":"Nefes Rahatl\u0131\u011f\u0131 Seti &#8211; \u00d6zel 2&#8217;li Set"},"content":{"rendered":"<p><b>Nefes Ve Burun T\u0131kan\u0131kl\u0131\u011f\u0131 i\u00e7in Rahatlat\u0131c\u0131, A\u00e7\u0131c\u0131 <\/b><b>\u00a0\u00a0\u00a0\u00a0\u00a0\u00a0\u00a0\u00a0\u00a0\u00a0\u00a0\u00a0\u00a0\u00a0\u00a0\u00a0\u00a0\u00a0<\/b><b><br \/>\n<\/b><\/p>\n<div><b>%100 Saf &amp; Do\u011fal Nane ve Okalipt\u00fcs U\u00e7ucu Ya\u011f Seti<\/b><\/div>\n<div><\/div>\n<div>\u00dcr\u00fcnlerimiz %100 do\u011fal ve saf i\u00e7eriklere sahip olup her bir \u015fi\u015fe 10 ml i\u00e7erir. Okalipt\u00fcs ve nane, tarihsel olarak ve ferahlat\u0131c\u0131 \u00f6zellikleri ile bilinirler. Nefes al\u0131p verirken t\u0131kan\u0131kl\u0131k hissi veya rahats\u0131zl\u0131k ya\u015fad\u0131\u011f\u0131n\u0131zda veya temiz ve ferah bir nefes deneyimi elde etmek istedi\u011finizde size yard\u0131mc\u0131 olur. Okalipt\u00fcs, solunum yollar\u0131n\u0131 temizlemeye yard\u0131mc\u0131 olurken, nane ise ferahl\u0131k hissi sa\u011flar.<\/div>\n<div><\/div>\n<div><b>Kullan\u0131m\u0131:\u00a0<\/b>Birka\u00e7 damla ya\u011f\u0131 bir dif\u00fcz\u00f6r i\u00e7ine ekleyerek ortam\u0131n\u0131z\u0131 ferahlat\u0131c\u0131 bir kokuya d\u00f6n\u00fc\u015ft\u00fcrebilirsiniz.\u00a0\u00dcr\u00fcn burun i\u00e7ine de\u011fil, u\u00e7ucu ya\u011flar\u0131n burun yoluyla al\u0131nmas\u0131n\u0131 sa\u011flamak i\u00e7in yakaya veya uyku s\u0131ras\u0131nda yast\u0131\u011fa damlat\u0131lmal\u0131d\u0131r.\u00a0Ayr\u0131ca, bir ta\u015f\u0131y\u0131c\u0131 ya\u011f ile seyrelterek do\u011frudan g\u00f6\u011f\u00fcs ve bo\u011faz b\u00f6lgesine uygulayabilirsiniz. Masaj yaparken veya soluma yoluyla etkilerini hissedebilirsiniz. Bu \u00f6zel form\u00fclasyon, sadece nefesinizin ferahlat\u0131lmas\u0131na yard\u0131mc\u0131 olmakla kalmaz, ayn\u0131 zamanda zihinsel berrakl\u0131k ve canl\u0131l\u0131k hissi sa\u011flayabilir. Okalipt\u00fcs ve nane u\u00e7ucu ya\u011flar\u0131, zihni canland\u0131r\u0131r, tazelik hissi verir ve konsantrasyonu art\u0131r\u0131r.<\/div>\n<div><\/div>\n<div>Mettoils Okalipt\u00fcs U\u00e7ucu Ya\u011f\u0131m\u0131z ve Mettoils Nane U\u00e7ucu Ya\u011f\u0131m\u0131z %100 Do\u011fal ve Saf i\u00e7eriklerden olu\u015fmaktad\u0131r. Her bir \u015fi\u015fe, taze ve etkili sonu\u00e7lar elde etmek i\u00e7in \u00f6zenle se\u00e7ilmi\u015f bitkisel bile\u015fenlerle doldurulmu\u015ftur. Buhar Distilasyonu y\u00f6ntemi ile elde edilmi\u015ftir.\u00a0<b>1 ton okalipt\u00fcs bitkisinden yakla\u015f\u0131k 15 litre\u00a0<\/b>okalipt\u00fcs ya\u011f\u0131 elde edilmektedir. Yakla\u015f\u0131k\u00a0<b>1 ton nane bitkisinden yakla\u015f\u0131k 18\u00a0litre\u00a0<\/b>nane ya\u011f\u0131 elde edilmektedir.<\/div>\n<div>Uyar\u0131lar:\u00a0\u00a0Olas\u0131 cilt hassasiyeti i\u00e7in seyrelterek kullan\u0131n\u0131z. Harici ve Topikal olarak kullan\u0131n\u0131z. \u00c7ocuklar\u0131n eri\u015femeyece\u011fi yerlerde saklay\u0131n.\u00a0Hamileyseniz, emziriyorsan\u0131z veya doktor bak\u0131m\u0131 alt\u0131ndaysan\u0131z, doktorunuza dan\u0131\u015f\u0131n\u0131z.\u00a0G\u00f6z, i\u00e7 kulak ve hassas b\u00f6lgelerle yak\u0131n temas\u0131ndan ka\u00e7\u0131n\u0131n.<\/div>\n","protected":false},"excerpt":{"rendered":"<p>Nefes Ve Burun T\u0131kan\u0131kl\u0131\u011f\u0131 i\u00e7in Rahatlat\u0131c\u0131, A\u00e7\u0131c\u0131 \u00a0\u00a0\u00a0\u00a0\u00a0\u00a0\u00a0\u00a0\u00a0\u00a0\u00a0\u00a0\u00a0\u00a0\u00a0\u00a0\u00a0\u00a0 %100 Saf &amp; Do\u011fal Nane ve Okalipt\u00fcs U\u00e7ucu Ya\u011f Seti \u00dcr\u00fcnlerimiz %100 do\u011fal ve saf i\u00e7eriklere sahip olup her bir \u015fi\u015fe 10 ml i\u00e7erir. Okalipt\u00fcs ve nane, tarihsel olarak ve ferahlat\u0131c\u0131 \u00f6zellikleri ile bilinirler. Nefes al\u0131p verirken t\u0131kan\u0131kl\u0131k hissi veya rahats\u0131zl\u0131k ya\u015fad\u0131\u011f\u0131n\u0131zda veya temiz ve ferah bir [&hellip;]<\/p>\n","protected":false},"featured_media":7133,"comment_status":"open","ping_status":"closed","template":"","meta":[],"product_cat":[145],"product_tag":[],"class_list":{"0":"post-7132","1":"product","2":"type-product","3":"status-publish","4":"has-post-thumbnail","6":"product_cat-ozel-seriler","8":"first","9":"instock","10":"taxable","11":"shipping-taxable","12":"purchasable","13":"product-type-simple"},"_links":{"self":[{"href":"https:\/\/www.mettoils.com\/index.php?rest_route=\/wp\/v2\/product\/7132","targetHints":{"allow":["GET"]}}],"collection":[{"href":"https:\/\/www.mettoils.com\/index.php?rest_route=\/wp\/v2\/product"}],"about":[{"href":"https:\/\/www.mettoils.com\/index.php?rest_route=\/wp\/v2\/types\/product"}],"replies":[{"embeddable":true,"href":"https:\/\/www.mettoils.com\/index.php?rest_route=%2Fwp%2Fv2%2Fcomments&post=7132"}],"version-history":[{"count":1,"href":"https:\/\/www.mettoils.com\/index.php?rest_route=\/wp\/v2\/product\/7132\/revisions"}],"predecessor-version":[{"id":7135,"href":"https:\/\/www.mettoils.com\/index.php?rest_route=\/wp\/v2\/product\/7132\/revisions\/7135"}],"wp:featuredmedia":[{"embeddable":true,"href":"https:\/\/www.mettoils.com\/index.php?rest_route=\/wp\/v2\/media\/7133"}],"wp:attachment":[{"href":"https:\/\/www.mettoils.com\/index.php?rest_route=%2Fwp%2Fv2%2Fmedia&parent=7132"}],"wp:term":[{"taxonomy":"product_cat","embeddable":true,"href":"https:\/\/www.mettoils.com\/index.php?rest_route=%2Fwp%2Fv2%2Fproduct_cat&post=7132"},{"taxonomy":"product_tag","embeddable":true,"href":"https:\/\/www.mettoils.com\/index.php?rest_route=%2Fwp%2Fv2%2Fproduct_tag&post=7132"}],"curies":[{"name":"wp","href":"https:\/\/api.w.org\/{rel}","templated":true}]}}