{"id":7303,"date":"2025-04-08T05:37:17","date_gmt":"2025-04-08T02:37:17","guid":{"rendered":"https:\/\/www.mettoils.com\/?post_type=product&#038;p=7303"},"modified":"2025-04-08T05:37:17","modified_gmt":"2025-04-08T02:37:17","slug":"mettoils-cam-terebentin-yagi-20-ml","status":"publish","type":"product","link":"https:\/\/www.mettoils.com\/?product=mettoils-cam-terebentin-yagi-20-ml","title":{"rendered":"Mettoils \u00c7am Terebentin Ya\u011f\u0131 20 ml"},"content":{"rendered":"","protected":false},"excerpt":{"rendered":"","protected":false},"featured_media":7304,"comment_status":"open","ping_status":"closed","template":"","meta":[],"product_cat":[15],"product_tag":[198,197],"class_list":{"0":"post-7303","1":"product","2":"type-product","3":"status-publish","4":"has-post-thumbnail","6":"product_cat-tum-urunler","7":"product_tag-cam-terebentin-yagi","8":"product_tag-mettoils-cam-terebentin-yagi","10":"first","11":"instock","12":"taxable","13":"shipping-taxable","14":"purchasable","15":"product-type-simple"},"_links":{"self":[{"href":"https:\/\/www.mettoils.com\/index.php?rest_route=\/wp\/v2\/product\/7303","targetHints":{"allow":["GET"]}}],"collection":[{"href":"https:\/\/www.mettoils.com\/index.php?rest_route=\/wp\/v2\/product"}],"about":[{"href":"https:\/\/www.mettoils.com\/index.php?rest_route=\/wp\/v2\/types\/product"}],"replies":[{"embeddable":true,"href":"https:\/\/www.mettoils.com\/index.php?rest_route=%2Fwp%2Fv2%2Fcomments&post=7303"}],"version-history":[{"count":1,"href":"https:\/\/www.mettoils.com\/index.php?rest_route=\/wp\/v2\/product\/7303\/revisions"}],"predecessor-version":[{"id":7305,"href":"https:\/\/www.mettoils.com\/index.php?rest_route=\/wp\/v2\/product\/7303\/revisions\/7305"}],"wp:featuredmedia":[{"embeddable":true,"href":"https:\/\/www.mettoils.com\/index.php?rest_route=\/wp\/v2\/media\/7304"}],"wp:attachment":[{"href":"https:\/\/www.mettoils.com\/index.php?rest_route=%2Fwp%2Fv2%2Fmedia&parent=7303"}],"wp:term":[{"taxonomy":"product_cat","embeddable":true,"href":"https:\/\/www.mettoils.com\/index.php?rest_route=%2Fwp%2Fv2%2Fproduct_cat&post=7303"},{"taxonomy":"product_tag","embeddable":true,"href":"https:\/\/www.mettoils.com\/index.php?rest_route=%2Fwp%2Fv2%2Fproduct_tag&post=7303"}],"curies":[{"name":"wp","href":"https:\/\/api.w.org\/{rel}","templated":true}]}}