{"id":7306,"date":"2025-04-08T05:51:59","date_gmt":"2025-04-08T02:51:59","guid":{"rendered":"https:\/\/www.mettoils.com\/?post_type=product&#038;p=7306"},"modified":"2025-04-08T05:52:00","modified_gmt":"2025-04-08T02:52:00","slug":"mettoils-uzum-cekirdegi-yagi-soguk-sikim-50-ml","status":"publish","type":"product","link":"https:\/\/www.mettoils.com\/?product=mettoils-uzum-cekirdegi-yagi-soguk-sikim-50-ml","title":{"rendered":"Mettoils \u00dcz\u00fcm \u00c7ekirde\u011fi Ya\u011f\u0131 So\u011fuk S\u0131k\u0131m 50 ml"},"content":{"rendered":"","protected":false},"excerpt":{"rendered":"","protected":false},"featured_media":7307,"comment_status":"open","ping_status":"closed","template":"","meta":[],"product_cat":[15],"product_tag":[199,200],"class_list":{"0":"post-7306","1":"product","2":"type-product","3":"status-publish","4":"has-post-thumbnail","6":"product_cat-tum-urunler","7":"product_tag-mettoils-uzum-cekirdegi-yagi","8":"product_tag-uzum-cekirdegi-yagi","10":"first","11":"instock","12":"taxable","13":"shipping-taxable","14":"purchasable","15":"product-type-simple"},"_links":{"self":[{"href":"https:\/\/www.mettoils.com\/index.php?rest_route=\/wp\/v2\/product\/7306","targetHints":{"allow":["GET"]}}],"collection":[{"href":"https:\/\/www.mettoils.com\/index.php?rest_route=\/wp\/v2\/product"}],"about":[{"href":"https:\/\/www.mettoils.com\/index.php?rest_route=\/wp\/v2\/types\/product"}],"replies":[{"embeddable":true,"href":"https:\/\/www.mettoils.com\/index.php?rest_route=%2Fwp%2Fv2%2Fcomments&post=7306"}],"version-history":[{"count":1,"href":"https:\/\/www.mettoils.com\/index.php?rest_route=\/wp\/v2\/product\/7306\/revisions"}],"predecessor-version":[{"id":7308,"href":"https:\/\/www.mettoils.com\/index.php?rest_route=\/wp\/v2\/product\/7306\/revisions\/7308"}],"wp:featuredmedia":[{"embeddable":true,"href":"https:\/\/www.mettoils.com\/index.php?rest_route=\/wp\/v2\/media\/7307"}],"wp:attachment":[{"href":"https:\/\/www.mettoils.com\/index.php?rest_route=%2Fwp%2Fv2%2Fmedia&parent=7306"}],"wp:term":[{"taxonomy":"product_cat","embeddable":true,"href":"https:\/\/www.mettoils.com\/index.php?rest_route=%2Fwp%2Fv2%2Fproduct_cat&post=7306"},{"taxonomy":"product_tag","embeddable":true,"href":"https:\/\/www.mettoils.com\/index.php?rest_route=%2Fwp%2Fv2%2Fproduct_tag&post=7306"}],"curies":[{"name":"wp","href":"https:\/\/api.w.org\/{rel}","templated":true}]}}