{"id":7309,"date":"2025-04-08T05:57:30","date_gmt":"2025-04-08T02:57:30","guid":{"rendered":"https:\/\/www.mettoils.com\/?post_type=product&#038;p=7309"},"modified":"2025-04-08T06:00:13","modified_gmt":"2025-04-08T03:00:13","slug":"mettoils-kabak-cekirdegi-yagi-soguk-sikim-50-ml","status":"publish","type":"product","link":"https:\/\/www.mettoils.com\/?product=mettoils-kabak-cekirdegi-yagi-soguk-sikim-50-ml","title":{"rendered":"Mettoils Kabak \u00c7ekirde\u011fi Ya\u011f\u0131 So\u011fuk S\u0131k\u0131m 50 ml"},"content":{"rendered":"","protected":false},"excerpt":{"rendered":"","protected":false},"featured_media":7311,"comment_status":"open","ping_status":"closed","template":"","meta":[],"product_cat":[15],"product_tag":[201],"class_list":{"0":"post-7309","1":"product","2":"type-product","3":"status-publish","4":"has-post-thumbnail","6":"product_cat-tum-urunler","7":"product_tag-mettoils-kabak-cekirdegi-yagi","9":"first","10":"instock","11":"taxable","12":"shipping-taxable","13":"purchasable","14":"product-type-simple"},"_links":{"self":[{"href":"https:\/\/www.mettoils.com\/index.php?rest_route=\/wp\/v2\/product\/7309","targetHints":{"allow":["GET"]}}],"collection":[{"href":"https:\/\/www.mettoils.com\/index.php?rest_route=\/wp\/v2\/product"}],"about":[{"href":"https:\/\/www.mettoils.com\/index.php?rest_route=\/wp\/v2\/types\/product"}],"replies":[{"embeddable":true,"href":"https:\/\/www.mettoils.com\/index.php?rest_route=%2Fwp%2Fv2%2Fcomments&post=7309"}],"version-history":[{"count":1,"href":"https:\/\/www.mettoils.com\/index.php?rest_route=\/wp\/v2\/product\/7309\/revisions"}],"predecessor-version":[{"id":7310,"href":"https:\/\/www.mettoils.com\/index.php?rest_route=\/wp\/v2\/product\/7309\/revisions\/7310"}],"wp:featuredmedia":[{"embeddable":true,"href":"https:\/\/www.mettoils.com\/index.php?rest_route=\/wp\/v2\/media\/7311"}],"wp:attachment":[{"href":"https:\/\/www.mettoils.com\/index.php?rest_route=%2Fwp%2Fv2%2Fmedia&parent=7309"}],"wp:term":[{"taxonomy":"product_cat","embeddable":true,"href":"https:\/\/www.mettoils.com\/index.php?rest_route=%2Fwp%2Fv2%2Fproduct_cat&post=7309"},{"taxonomy":"product_tag","embeddable":true,"href":"https:\/\/www.mettoils.com\/index.php?rest_route=%2Fwp%2Fv2%2Fproduct_tag&post=7309"}],"curies":[{"name":"wp","href":"https:\/\/api.w.org\/{rel}","templated":true}]}}